{"id":1304,"date":"2021-12-03T08:28:06","date_gmt":"2021-12-03T13:28:06","guid":{"rendered":"https:\/\/getfithealthy.com\/?post_type=product&#038;p=1304"},"modified":"2024-01-16T14:59:11","modified_gmt":"2024-01-16T19:59:11","slug":"bcaa-eaa-glutamine","status":"publish","type":"product","link":"https:\/\/getfithealthy.com\/es\/producto\/bcaa-eaa-glutamine\/","title":{"rendered":"BCAA + EAA + GLUTAMINA"},"content":{"rendered":"<p>Branched-chain amino acids (BCAA) are well known and widely used for decreasing muscle fatigue and soreness after exercise. It stimulates optimal muscle growth by helping your body build lean protein. On the other hand, Essential amino acids (EAA) give power and energy to your body when it is synthesizing muscle protein. It allows your muscles to recover smoothly and increase strength and endurance in athletes and fitness enthusiasts.<\/p>\n<p>Glutamine combined with these two can stimulate your immune system, gut function, and recovery timing after an intense workout.<\/p>\n<p>Drinking the Get Fit BCAA + EAA + Glutamine before or after a workout can give you a boost up energy and activeness to perform and recover better. Before workout, this drink will hydrate and prepare your body for intense workout. After workout, it will calm down your nerves and cool down your body\u2019s temperature back to normal.<\/p>\n<p>Moreover, it is induced with an amazing passion fruit flavor (natural and artificially). Now you can give yourself a refreshing tropical party after every workout just with Get Fit BCAA + EAA + Glutamine!<\/p>","protected":false},"excerpt":{"rendered":"<p>Desarrollar la masa muscular deseada es un largo camino por recorrer. Cardio, HIIT, anaer\u00f3bico; cualquier ejercicio que est\u00e9s comenzando, necesitar\u00e1 algo que lo alimente con energ\u00eda para realizar tales entrenamientos. Depender completamente de la dieta por s\u00ed sola no puede cumplir con tus objetivos de energ\u00eda y entrenamiento. Si deseas desarrollar nuevos m\u00fasculos delgados y fuertes junto con la protecci\u00f3n de las ganancias musculares ganadas con tanto esfuerzo, Get Fit BCAA + EAA + Glutamine es ideal para ti. Incorpora tres principios activos; BCAA, EAA y glutamina.\nLos amino\u00e1cidos de cadena ramificada (BCAA) son bien conocidos y se usan ampliamente para disminuir la fatiga muscular y el dolor despu\u00e9s del ejercicio. Estimula el crecimiento muscular \u00f3ptimo al ayudar a tu cuerpo a producir prote\u00ednas magras. Por otro lado, los amino\u00e1cidos esenciales (EAA) dan poder y energ\u00eda a tu cuerpo cuando sintetiza prote\u00ednas musculares. Permite que tus m\u00fasculos se recuperen sin problemas y aumente la fuerza y la resistencia en atletas y entusiastas del fitness.\nLa glutamina combinada con estos dos puede estimular tu sistema inmunol\u00f3gico, la funci\u00f3n intestinal y el tiempo de recuperaci\u00f3n despu\u00e9s de un entrenamiento intenso.\nTomar Get Fit BCAA + EAA + Glutamina antes o despu\u00e9s de un entrenamiento puede darte un impulso de energ\u00eda y actividad para rendir y recuperarte mejor. Antes del entrenamiento, esta bebida hidratar\u00e1 y preparar\u00e1 tu cuerpo para un entrenamiento intenso. Despu\u00e9s del entrenamiento, calmar\u00e1 tus nervios y enfriar\u00e1 la temperatura de su cuerpo a la normalidad.\nAdem\u00e1s, contiene un sorprendente sabor a maracuy\u00e1 (natural y artificialmente). \u00a1Ahora puedes darte una refrescante fiesta tropical despu\u00e9s de cada entrenamiento solo con Get Fit BCAA + EAA + Glutamina!<\/p>","protected":false},"featured_media":1373,"template":"","meta":{"_acf_changed":false,"site-sidebar-layout":"default","site-content-layout":"default","ast-site-content-layout":"default","site-content-style":"default","site-sidebar-style":"default","ast-global-header-display":"","ast-banner-title-visibility":"","ast-main-header-display":"","ast-hfb-above-header-display":"","ast-hfb-below-header-display":"","ast-hfb-mobile-header-display":"","site-post-title":"","ast-breadcrumbs-content":"","ast-featured-img":"","footer-sml-layout":"","theme-transparent-header-meta":"default","adv-header-id-meta":"","stick-header-meta":"default","header-above-stick-meta":"","header-main-stick-meta":"","header-below-stick-meta":"","astra-migrate-meta-layouts":"default","ast-page-background-enabled":"default","ast-page-background-meta":{"desktop":{"background-color":"","background-image":"","background-repeat":"repeat","background-position":"center center","background-size":"auto","background-attachment":"scroll","background-type":"","background-media":"","overlay-type":"","overlay-color":"","overlay-opacity":"","overlay-gradient":""},"tablet":{"background-color":"","background-image":"","background-repeat":"repeat","background-position":"center center","background-size":"auto","background-attachment":"scroll","background-type":"","background-media":"","overlay-type":"","overlay-color":"","overlay-opacity":"","overlay-gradient":""},"mobile":{"background-color":"","background-image":"","background-repeat":"repeat","background-position":"center center","background-size":"auto","background-attachment":"scroll","background-type":"","background-media":"","overlay-type":"","overlay-color":"","overlay-opacity":"","overlay-gradient":""}},"ast-content-background-meta":{"desktop":{"background-color":"var(--ast-global-color-5)","background-image":"","background-repeat":"repeat","background-position":"center center","background-size":"auto","background-attachment":"scroll","background-type":"","background-media":"","overlay-type":"","overlay-color":"","overlay-opacity":"","overlay-gradient":""},"tablet":{"background-color":"var(--ast-global-color-5)","background-image":"","background-repeat":"repeat","background-position":"center center","background-size":"auto","background-attachment":"scroll","background-type":"","background-media":"","overlay-type":"","overlay-color":"","overlay-opacity":"","overlay-gradient":""},"mobile":{"background-color":"var(--ast-global-color-5)","background-image":"","background-repeat":"repeat","background-position":"center center","background-size":"auto","background-attachment":"scroll","background-type":"","background-media":"","overlay-type":"","overlay-color":"","overlay-opacity":"","overlay-gradient":""}},"_joinchat":[]},"product_brand":[],"product_cat":[20],"product_tag":[],"class_list":{"0":"post-1304","1":"product","2":"type-product","3":"status-publish","4":"has-post-thumbnail","6":"product_cat-supplements","7":"desktop-align-left","8":"tablet-align-left","9":"mobile-align-left","10":"ast-product-gallery-layout-horizontal","11":"ast-product-tabs-layout-horizontal","12":"ast-qv-on-image","14":"first","15":"instock","16":"shipping-taxable","17":"purchasable","18":"product-type-simple"},"acf":[],"_links":{"self":[{"href":"https:\/\/getfithealthy.com\/es\/wp-json\/wp\/v2\/product\/1304","targetHints":{"allow":["GET"]}}],"collection":[{"href":"https:\/\/getfithealthy.com\/es\/wp-json\/wp\/v2\/product"}],"about":[{"href":"https:\/\/getfithealthy.com\/es\/wp-json\/wp\/v2\/types\/product"}],"wp:featuredmedia":[{"embeddable":true,"href":"https:\/\/getfithealthy.com\/es\/wp-json\/wp\/v2\/media\/1373"}],"wp:attachment":[{"href":"https:\/\/getfithealthy.com\/es\/wp-json\/wp\/v2\/media?parent=1304"}],"wp:term":[{"taxonomy":"product_brand","embeddable":true,"href":"https:\/\/getfithealthy.com\/es\/wp-json\/wp\/v2\/product_brand?post=1304"},{"taxonomy":"product_cat","embeddable":true,"href":"https:\/\/getfithealthy.com\/es\/wp-json\/wp\/v2\/product_cat?post=1304"},{"taxonomy":"product_tag","embeddable":true,"href":"https:\/\/getfithealthy.com\/es\/wp-json\/wp\/v2\/product_tag?post=1304"}],"curies":[{"name":"wp","href":"https:\/\/api.w.org\/{rel}","templated":true}]}}