{"id":1296,"date":"2021-11-11T08:13:54","date_gmt":"2021-11-11T13:13:54","guid":{"rendered":"https:\/\/getfithealthy.com\/?post_type=product&#038;p=1296"},"modified":"2025-04-07T17:57:05","modified_gmt":"2025-04-07T22:57:05","slug":"cla-1000mg","status":"publish","type":"product","link":"https:\/\/getfithealthy.com\/es\/producto\/cla-1000mg\/","title":{"rendered":"CLA 1000MG"},"content":{"rendered":"<p>Desarrollar m\u00fasculos magros y perder peso simult\u00e1neamente son dos lugares diferentes para estar al mismo tiempo. Como la mayor\u00eda de las dietas que son para perder peso o para desarrollar masa muscular. Aunque existen algunos nutrientes que pueden hacer ambas cosas al mismo tiempo. El \u00e1cido linoleico conjugado (CLA) es uno de ellos. Es un tipo de \u00e1cido graso omega-6 que se usa t\u00edpicamente en forma de suplemento de CLA para perder el exceso de grasa y desarrollar masa muscular.<\/p>\n<p>Naturally, CLA is obtained from animal sources such as beef and dairy products. Several researchers and scientists have approved CLA and its link to weight loss. Moreover, it improves bone health, heart health, balances blood sugar levels, and strengthens immunity.<\/p>\n<p>Get Fit CLA is made with 80 percent Conjugated Linoleic Acid and the rest 20 percent with other nutritive components. It acts as a natural fat burner, especially to decrease abdominal fat. CLA burns fats in 3 ways in a body; by increasing energy expenditure (burning more calories), stimulating fat burning receptors, and increasing satiety levels. This belly fat burner comes in a 1000 mg product.<\/p>\n<p>Some women aim for metabolic renewal programs for optimizing their metabolic health. If you are one of those who want a body with zero fat, revitalized metabolic health, and looking for diet pills that work fast for women, Get Fit CLA is made for you!<\/p>\n<p>Moreover, men can also get the same benefits from these weight loss pills too.<\/p>","protected":false},"excerpt":{"rendered":"<p>Desarrollar m\u00fasculos magros y perder peso simult\u00e1neamente son dos lugares diferentes para estar al mismo tiempo. Como la mayor\u00eda de las dietas que son para perder peso o para desarrollar masa muscular. Aunque existen algunos nutrientes que pueden hacer ambas cosas al mismo tiempo. El \u00e1cido linoleico conjugado (CLA) es uno de ellos. Es un tipo de \u00e1cido graso omega-6 que se usa t\u00edpicamente en forma de suplemento de CLA para perder el exceso de grasa y desarrollar masa muscular.<\/p>","protected":false},"featured_media":1298,"template":"","meta":{"_acf_changed":false,"site-sidebar-layout":"default","site-content-layout":"default","ast-site-content-layout":"default","site-content-style":"default","site-sidebar-style":"default","ast-global-header-display":"","ast-banner-title-visibility":"","ast-main-header-display":"","ast-hfb-above-header-display":"","ast-hfb-below-header-display":"","ast-hfb-mobile-header-display":"","site-post-title":"","ast-breadcrumbs-content":"","ast-featured-img":"","footer-sml-layout":"","theme-transparent-header-meta":"default","adv-header-id-meta":"","stick-header-meta":"default","header-above-stick-meta":"","header-main-stick-meta":"","header-below-stick-meta":"","astra-migrate-meta-layouts":"set","ast-page-background-enabled":"default","ast-page-background-meta":{"desktop":{"background-color":"","background-image":"","background-repeat":"repeat","background-position":"center center","background-size":"auto","background-attachment":"scroll","background-type":"","background-media":"","overlay-type":"","overlay-color":"","overlay-opacity":"","overlay-gradient":""},"tablet":{"background-color":"","background-image":"","background-repeat":"repeat","background-position":"center center","background-size":"auto","background-attachment":"scroll","background-type":"","background-media":"","overlay-type":"","overlay-color":"","overlay-opacity":"","overlay-gradient":""},"mobile":{"background-color":"","background-image":"","background-repeat":"repeat","background-position":"center center","background-size":"auto","background-attachment":"scroll","background-type":"","background-media":"","overlay-type":"","overlay-color":"","overlay-opacity":"","overlay-gradient":""}},"ast-content-background-meta":{"desktop":{"background-color":"var(--ast-global-color-5)","background-image":"","background-repeat":"repeat","background-position":"center center","background-size":"auto","background-attachment":"scroll","background-type":"","background-media":"","overlay-type":"","overlay-color":"","overlay-opacity":"","overlay-gradient":""},"tablet":{"background-color":"var(--ast-global-color-5)","background-image":"","background-repeat":"repeat","background-position":"center center","background-size":"auto","background-attachment":"scroll","background-type":"","background-media":"","overlay-type":"","overlay-color":"","overlay-opacity":"","overlay-gradient":""},"mobile":{"background-color":"var(--ast-global-color-5)","background-image":"","background-repeat":"repeat","background-position":"center center","background-size":"auto","background-attachment":"scroll","background-type":"","background-media":"","overlay-type":"","overlay-color":"","overlay-opacity":"","overlay-gradient":""}},"_joinchat":[]},"product_brand":[],"product_cat":[20],"product_tag":[],"class_list":{"0":"post-1296","1":"product","2":"type-product","3":"status-publish","4":"has-post-thumbnail","6":"product_cat-supplements","7":"desktop-align-left","8":"tablet-align-left","9":"mobile-align-left","10":"ast-product-gallery-layout-horizontal","11":"ast-product-tabs-layout-horizontal","12":"ast-qv-on-image","14":"first","15":"instock","16":"shipping-taxable","17":"purchasable","18":"product-type-simple"},"acf":[],"_links":{"self":[{"href":"https:\/\/getfithealthy.com\/es\/wp-json\/wp\/v2\/product\/1296","targetHints":{"allow":["GET"]}}],"collection":[{"href":"https:\/\/getfithealthy.com\/es\/wp-json\/wp\/v2\/product"}],"about":[{"href":"https:\/\/getfithealthy.com\/es\/wp-json\/wp\/v2\/types\/product"}],"wp:featuredmedia":[{"embeddable":true,"href":"https:\/\/getfithealthy.com\/es\/wp-json\/wp\/v2\/media\/1298"}],"wp:attachment":[{"href":"https:\/\/getfithealthy.com\/es\/wp-json\/wp\/v2\/media?parent=1296"}],"wp:term":[{"taxonomy":"product_brand","embeddable":true,"href":"https:\/\/getfithealthy.com\/es\/wp-json\/wp\/v2\/product_brand?post=1296"},{"taxonomy":"product_cat","embeddable":true,"href":"https:\/\/getfithealthy.com\/es\/wp-json\/wp\/v2\/product_cat?post=1296"},{"taxonomy":"product_tag","embeddable":true,"href":"https:\/\/getfithealthy.com\/es\/wp-json\/wp\/v2\/product_tag?post=1296"}],"curies":[{"name":"wp","href":"https:\/\/api.w.org\/{rel}","templated":true}]}}