{"id":600,"date":"2019-12-28T18:40:35","date_gmt":"2019-12-28T23:40:35","guid":{"rendered":"https:\/\/getfithealthy.com\/?page_id=600"},"modified":"2019-12-28T18:40:36","modified_gmt":"2019-12-28T23:40:36","slug":"terms-and-conditions","status":"publish","type":"page","link":"https:\/\/getfithealthy.com\/es\/terms-and-conditions\/","title":{"rendered":"T\u00e9rminos y Condiciones"},"content":{"rendered":"<p>Aviso de privacidad Este aviso de privacidad revela las pr\u00e1cticas de privacidad de www.Getfithealthy.com Este aviso de privacidad se aplica \u00fanicamente a la informaci\u00f3n recopilada por este sitio web. Le notificar\u00e1 de lo siguiente:<\/p>\n\n\n\n<p>Qu\u00e9 informaci\u00f3n de identificaci\u00f3n personal se recopila de usted a trav\u00e9s del sitio web, c\u00f3mo se utiliza y con qui\u00e9n se puede compartir. Qu\u00e9 opciones est\u00e1n disponibles para usted con respecto al uso de sus datos. Los procedimientos de seguridad establecidos para proteger el mal uso de su informaci\u00f3n. C\u00f3mo puede corregir cualquier inexactitud en la informaci\u00f3n. Recopilaci\u00f3n, uso y uso compartido de la informaci\u00f3n Somos los \u00fanicos propietarios de la informaci\u00f3n recopilada en este sitio. Solo tenemos acceso o recopilamos la informaci\u00f3n que usted nos proporciona voluntariamente por correo electr\u00f3nico u otro contacto directo de su parte. No venderemos ni alquilaremos esta informaci\u00f3n a nadie. Utilizaremos su informaci\u00f3n para responderle, en relaci\u00f3n con el motivo por el que nos contact\u00f3. No compartiremos su informaci\u00f3n con terceros ajenos a nuestra organizaci\u00f3n, excepto cuando sea necesario para cumplir con su solicitud, por ejemplo. para enviar un pedido. A menos que nos pida que no lo hagamos, podemos comunicarnos con usted por correo electr\u00f3nico en el futuro para informarle sobre ofertas, nuevos productos o servicios, o sobre cambios a esta pol\u00edtica de privacidad. Su acceso y control sobre la informaci\u00f3n Usted puede optar por no recibir de nosotros futuros contactos en cualquier momento. Puede hacer lo siguiente en cualquier momento contact\u00e1ndonos a trav\u00e9s de la direcci\u00f3n de correo electr\u00f3nico o n\u00famero de tel\u00e9fono que figura en nuestro sitio web:<\/p>\n\n\n\n<p>Vea qu\u00e9 datos tenemos sobre usted, si los hay. Cambia \/ corrige cualquier dato que tengamos sobre ti. Haz que eliminemos cualquier dato que tengamos sobre ti. Exprese cualquier inquietud que tenga sobre nuestro uso de sus datos. Seguridad Tomamos precauciones para proteger su informaci\u00f3n. Cuando env\u00eda informaci\u00f3n confidencial a trav\u00e9s del sitio web, su informaci\u00f3n est\u00e1 protegida tanto en l\u00ednea como fuera de l\u00ednea.<\/p>\n\n\n\n<p>Wherever we collect sensitive information (such as credit card data), that information is encrypted and transmitted to us in a secure way. You can verify this by looking for a lock icon in the address bar and looking for \u201chttps\u201d at the beginning of the address of the Web page.<\/p>\n\n\n\n<p>Si bien utilizamos el cifrado para proteger la informaci\u00f3n confidencial transmitida en l\u00ednea, tambi\u00e9n protegemos su informaci\u00f3n fuera de l\u00ednea. Solo los empleados que necesitan la informaci\u00f3n para realizar un trabajo espec\u00edfico (por ejemplo, facturaci\u00f3n o servicio al cliente) tienen acceso a informaci\u00f3n de identificaci\u00f3n personal. Las computadoras \/ servidores en los que almacenamos informaci\u00f3n de identificaci\u00f3n personal se guardan en un entorno seguro.<\/p>\n\n\n\n<p>Si cree que no estamos cumpliendo con esta pol\u00edtica de privacidad, debe comunicarse con nosotros inmediatamente por tel\u00e9fono al 3057675971 o por correo electr\u00f3nico.<\/p>","protected":false},"excerpt":{"rendered":"<p>Privacy Notice This privacy notice discloses the privacy practices for www.Getfithealthy.com This privacy notice applies solely to information collected by this website. It will notify you of the following: What personally identifiable information is collected from you through the website, how it is used and with whom it may be shared. What choices are available [&hellip;]<\/p>","protected":false},"author":1,"featured_media":0,"parent":0,"menu_order":0,"comment_status":"closed","ping_status":"closed","template":"","meta":{"_acf_changed":false,"site-sidebar-layout":"default","site-content-layout":"default","ast-site-content-layout":"default","site-content-style":"default","site-sidebar-style":"default","ast-global-header-display":"","ast-banner-title-visibility":"","ast-main-header-display":"","ast-hfb-above-header-display":"","ast-hfb-below-header-display":"","ast-hfb-mobile-header-display":"","site-post-title":"","ast-breadcrumbs-content":"","ast-featured-img":"","footer-sml-layout":"","theme-transparent-header-meta":"default","adv-header-id-meta":"","stick-header-meta":"default","header-above-stick-meta":"","header-main-stick-meta":"","header-below-stick-meta":"","astra-migrate-meta-layouts":"default","ast-page-background-enabled":"default","ast-page-background-meta":{"desktop":{"background-color":"","background-image":"","background-repeat":"repeat","background-position":"center center","background-size":"auto","background-attachment":"scroll","background-type":"","background-media":"","overlay-type":"","overlay-color":"","overlay-opacity":"","overlay-gradient":""},"tablet":{"background-color":"","background-image":"","background-repeat":"repeat","background-position":"center center","background-size":"auto","background-attachment":"scroll","background-type":"","background-media":"","overlay-type":"","overlay-color":"","overlay-opacity":"","overlay-gradient":""},"mobile":{"background-color":"","background-image":"","background-repeat":"repeat","background-position":"center center","background-size":"auto","background-attachment":"scroll","background-type":"","background-media":"","overlay-type":"","overlay-color":"","overlay-opacity":"","overlay-gradient":""}},"ast-content-background-meta":{"desktop":{"background-color":"var(--ast-global-color-5)","background-image":"","background-repeat":"repeat","background-position":"center center","background-size":"auto","background-attachment":"scroll","background-type":"","background-media":"","overlay-type":"","overlay-color":"","overlay-opacity":"","overlay-gradient":""},"tablet":{"background-color":"var(--ast-global-color-5)","background-image":"","background-repeat":"repeat","background-position":"center center","background-size":"auto","background-attachment":"scroll","background-type":"","background-media":"","overlay-type":"","overlay-color":"","overlay-opacity":"","overlay-gradient":""},"mobile":{"background-color":"var(--ast-global-color-5)","background-image":"","background-repeat":"repeat","background-position":"center center","background-size":"auto","background-attachment":"scroll","background-type":"","background-media":"","overlay-type":"","overlay-color":"","overlay-opacity":"","overlay-gradient":""}},"_joinchat":[],"footnotes":""},"class_list":["post-600","page","type-page","status-publish","hentry"],"acf":[],"_links":{"self":[{"href":"https:\/\/getfithealthy.com\/es\/wp-json\/wp\/v2\/pages\/600","targetHints":{"allow":["GET"]}}],"collection":[{"href":"https:\/\/getfithealthy.com\/es\/wp-json\/wp\/v2\/pages"}],"about":[{"href":"https:\/\/getfithealthy.com\/es\/wp-json\/wp\/v2\/types\/page"}],"author":[{"embeddable":true,"href":"https:\/\/getfithealthy.com\/es\/wp-json\/wp\/v2\/users\/1"}],"replies":[{"embeddable":true,"href":"https:\/\/getfithealthy.com\/es\/wp-json\/wp\/v2\/comments?post=600"}],"version-history":[{"count":0,"href":"https:\/\/getfithealthy.com\/es\/wp-json\/wp\/v2\/pages\/600\/revisions"}],"wp:attachment":[{"href":"https:\/\/getfithealthy.com\/es\/wp-json\/wp\/v2\/media?parent=600"}],"curies":[{"name":"wp","href":"https:\/\/api.w.org\/{rel}","templated":true}]}}